{"id":9,"date":"2017-05-29T05:52:53","date_gmt":"2017-05-29T05:52:53","guid":{"rendered":"http:\/\/www.ambliopija.hr\/?page_id=9"},"modified":"2017-05-30T15:53:29","modified_gmt":"2017-05-30T15:53:29","slug":"home","status":"publish","type":"page","link":"https:\/\/www.ambliopija.hr\/","title":{"rendered":"Dobrodo\u0161li!"},"content":{"rendered":"<p><img loading=\"lazy\" class=\"alignnone size-full wp-image-85\" src=\"http:\/\/www.ambliopija.hr\/wp-content\/uploads\/2017\/05\/Capturea.png\" alt=\"\" width=\"822\" height=\"775\" srcset=\"https:\/\/www.ambliopija.hr\/wp-content\/uploads\/2017\/05\/Capturea.png 822w, https:\/\/www.ambliopija.hr\/wp-content\/uploads\/2017\/05\/Capturea-300x283.png 300w, https:\/\/www.ambliopija.hr\/wp-content\/uploads\/2017\/05\/Capturea-768x724.png 768w\" sizes=\"(max-width: 822px) 100vw, 822px\" \/><\/p>\n<p>&nbsp;<\/p>\n<p style=\"text-align: center;\">Po\u0161tovane\u00a0kolegice i kolege,<\/p>\n<p style=\"text-align: center;\">Naputkom Ministarstva zdravstva Republike Hrvatske, KLASA: 130-05\/17-01\/10; URBROJ: 534-07-3-1\/3-17-3; od 19. svibnja 2017. zapo\u010deo je Pilot projekt za<\/p>\n<p style=\"text-align: center;\"><span style=\"color: #000080;\"><strong>Registar ranog otkrivanja slabovidnosti<\/strong><\/span><\/p>\n<p style=\"text-align: center;\">Upisivanje podataka provodit \u0107e od 1. lipnja 2017. godine online popunjavanjem obrasca <strong>Registra ranog otkrivanja slabovidnosti<\/strong> koji je dostupan na web stranici Hrvatskog zavoda za javno zdravstvo:<\/p>\n<p style=\"text-align: center;\"><span style=\"color: #000080;\"><strong><a style=\"color: #000080;\" href=\"http:\/\/ambliopija.hzjz.hr\/\">http:\/\/ambliopija.hzjz.hr\/<\/a><\/strong><\/span>\u00a0.<\/p>\n<p style=\"text-align: center;\">Detaljne upute o provedbi predmetnoga Naputka, kontakt adrese te na\u010din preuzimanja korisni\u010dkog imena i lozinke za pristup Registru mo\u017eete prona\u0107i ovdje:<\/p>\n<h1 style=\"text-align: center;\"><span style=\"color: #993366;\"><a style=\"color: #993366;\" href=\"http:\/\/www.ambliopija.hr\/?page_id=10\"><strong>UPUTE<\/strong><\/a><\/span><\/h1>\n<p>&nbsp;<\/p>\n<p><img loading=\"lazy\" class=\"alignnone wp-image-58\" src=\"http:\/\/www.ambliopija.hr\/wp-content\/uploads\/2017\/05\/header.png\" alt=\"\" width=\"1210\" height=\"165\" srcset=\"https:\/\/www.ambliopija.hr\/wp-content\/uploads\/2017\/05\/header.png 1168w, https:\/\/www.ambliopija.hr\/wp-content\/uploads\/2017\/05\/header-300x41.png 300w, https:\/\/www.ambliopija.hr\/wp-content\/uploads\/2017\/05\/header-768x105.png 768w, https:\/\/www.ambliopija.hr\/wp-content\/uploads\/2017\/05\/header-1024x140.png 1024w\" sizes=\"(max-width: 1210px) 100vw, 1210px\" \/><\/p>\n<p><img loading=\"lazy\" class=\"wp-image-37 aligncenter\" src=\"http:\/\/www.ambliopija.hr\/wp-content\/uploads\/2017\/05\/GRB-KBSD.jpg\" alt=\"\" width=\"143\" height=\"91\" srcset=\"https:\/\/www.ambliopija.hr\/wp-content\/uploads\/2017\/05\/GRB-KBSD.jpg 322w, https:\/\/www.ambliopija.hr\/wp-content\/uploads\/2017\/05\/GRB-KBSD-300x190.jpg 300w\" sizes=\"(max-width: 143px) 100vw, 143px\" \/><\/p>\n<p><img loading=\"lazy\" class=\"alignnone size-full wp-image-34 aligncenter\" src=\"http:\/\/www.ambliopija.hr\/wp-content\/uploads\/2017\/05\/cropped-Djeca_oko_-1-1.jpg\" alt=\"\" width=\"2000\" height=\"1200\" srcset=\"https:\/\/www.ambliopija.hr\/wp-content\/uploads\/2017\/05\/cropped-Djeca_oko_-1-1.jpg 2000w, https:\/\/www.ambliopija.hr\/wp-content\/uploads\/2017\/05\/cropped-Djeca_oko_-1-1-300x180.jpg 300w, https:\/\/www.ambliopija.hr\/wp-content\/uploads\/2017\/05\/cropped-Djeca_oko_-1-1-768x461.jpg 768w, https:\/\/www.ambliopija.hr\/wp-content\/uploads\/2017\/05\/cropped-Djeca_oko_-1-1-1024x614.jpg 1024w\" sizes=\"(max-width: 2000px) 100vw, 2000px\" \/><\/p>\n<p>&nbsp;<\/p>\n<p>&nbsp;<\/p>\n","protected":false},"excerpt":{"rendered":"<p>&nbsp; Po\u0161tovane\u00a0kolegice i kolege, Naputkom Ministarstva zdravstva Republike Hrvatske, KLASA: 130-05\/17-01\/10; URBROJ: 534-07-3-1\/3-17-3; od 19. svibnja 2017. zapo\u010deo je Pilot projekt za Registar ranog otkrivanja slabovidnosti Upisivanje podataka provodit \u0107e od 1. lipnja 2017. godine online popunjavanjem obrasca Registra ranog otkrivanja slabovidnosti koji je dostupan na web stranici Hrvatskog zavoda za javno zdravstvo: http:\/\/ambliopija.hzjz.hr\/\u00a0. Detaljne &hellip; <a href=\"https:\/\/www.ambliopija.hr\/\" class=\"more-link\">Continue reading <span class=\"screen-reader-text\">Dobrodo\u0161li!<\/span><\/a><\/p>\n","protected":false},"author":1,"featured_media":0,"parent":0,"menu_order":0,"comment_status":"closed","ping_status":"closed","template":"","meta":[],"_links":{"self":[{"href":"https:\/\/www.ambliopija.hr\/index.php?rest_route=\/wp\/v2\/pages\/9"}],"collection":[{"href":"https:\/\/www.ambliopija.hr\/index.php?rest_route=\/wp\/v2\/pages"}],"about":[{"href":"https:\/\/www.ambliopija.hr\/index.php?rest_route=\/wp\/v2\/types\/page"}],"author":[{"embeddable":true,"href":"https:\/\/www.ambliopija.hr\/index.php?rest_route=\/wp\/v2\/users\/1"}],"replies":[{"embeddable":true,"href":"https:\/\/www.ambliopija.hr\/index.php?rest_route=%2Fwp%2Fv2%2Fcomments&post=9"}],"version-history":[{"count":16,"href":"https:\/\/www.ambliopija.hr\/index.php?rest_route=\/wp\/v2\/pages\/9\/revisions"}],"predecessor-version":[{"id":87,"href":"https:\/\/www.ambliopija.hr\/index.php?rest_route=\/wp\/v2\/pages\/9\/revisions\/87"}],"wp:attachment":[{"href":"https:\/\/www.ambliopija.hr\/index.php?rest_route=%2Fwp%2Fv2%2Fmedia&parent=9"}],"curies":[{"name":"wp","href":"https:\/\/api.w.org\/{rel}","templated":true}]}}