{"id":10,"date":"2017-05-29T05:52:53","date_gmt":"2017-05-29T05:52:53","guid":{"rendered":"http:\/\/www.ambliopija.hr\/?page_id=10"},"modified":"2017-10-06T00:06:31","modified_gmt":"2017-10-06T00:06:31","slug":"about","status":"publish","type":"page","link":"https:\/\/www.ambliopija.hr\/?page_id=10","title":{"rendered":"Upute"},"content":{"rendered":"<p style=\"line-height: 110%;\">1. Na e-mail adresu\u00a0<span style=\"color: #000080; line-height: 110%;\"><strong>slabovidnost@gmail.com<\/strong><\/span> po\u0161aljite sljede\u0107e Va\u0161e podatke:<\/p>\n<p style=\"padding-left: 30px; line-height: 110%;\">A. Ime i prezime<br \/>\nB. Va\u0161 HZJZ broj<br \/>\nC. Naziv ustanove zaposlenja<br \/>\nD. Adresu ustanove zaposlenja.<\/p>\n<p><em>Molimo Vas za potpunost i to\u010dnost podataka<\/em>.<\/p>\n<p style=\"line-height: 110%;\">2. Preporu\u010denom po\u0161tom s povratnicom na Va\u0161e ime i prezime, te adresu Ustanove zaposlenja dobiti \u0107ete jedinstveno <strong><span style=\"color: #000080; line-height: 110%;\">korisni\u010dko ime i lozinku<\/span><\/strong> za pristup Registru.<br \/>\nPo prispije\u0107u korisni\u010dkog imena i lozinke mo\u017eete zapo\u010deti s popunjavanjem obrasca.<\/p>\n<p style=\"line-height: 120%;\">3. Obrazac se nalazi na web adresi: <span style=\"color: #993366; line-height: 110%;\"><a style=\"color: #993366;\" href=\"http:\/\/ambliopija.hzjz.hr\/\">http:\/\/ambliopija.hzjz.hr\/<\/a><\/span>.<br \/>\nNa isti se mo\u017ee pristupiti i preko <a href=\"http:\/\/www.hzjz.hr\">www.hzjz.hr<\/a> jednostavnim klikom na ime registra koji se nalazi u rubrici &#8220;linkovi&#8221;. Za sve bolesnike ispunjavaju se Podaci o pacijentu i Probirni pregled ranoga otkrivanja slabovidnosti.<\/p>\n<p style=\"line-height: 110%;\">4. Video prikaz ispunjavanja obrasca za <strong>sve<\/strong> pacijente nalazi se ovdje:<br \/>\nA. Podaci o pacijentu (upisuju se sva djeca upu\u0107ena uputnicom Z13.5.):<\/p>\n<div style=\"width: 660px;\" class=\"wp-video\"><!--[if lt IE 9]><script>document.createElement('video');<\/script><![endif]-->\n<video class=\"wp-video-shortcode\" id=\"video-10-1\" width=\"660\" height=\"375\" preload=\"metadata\" controls=\"controls\"><source type=\"video\/mp4\" src=\"http:\/\/www.ambliopija.hr\/wp-content\/uploads\/2017\/05\/11.mp4?_=1\" \/><a href=\"http:\/\/www.ambliopija.hr\/wp-content\/uploads\/2017\/05\/11.mp4\">http:\/\/www.ambliopija.hr\/wp-content\/uploads\/2017\/05\/11.mp4<\/a><\/video><\/div>\n<p style=\"line-height: 110%;\">B. Probirni pregled ranoga otkrivanja slabovidnosti (upisuju se sva djeca upu\u0107ena uputnicom Z13.5.)<\/p>\n<div style=\"width: 660px;\" class=\"wp-video\"><video class=\"wp-video-shortcode\" id=\"video-10-2\" width=\"660\" height=\"375\" preload=\"metadata\" controls=\"controls\"><source type=\"video\/mp4\" src=\"http:\/\/www.ambliopija.hr\/wp-content\/uploads\/2017\/05\/22.mp4?_=2\" \/><a href=\"http:\/\/www.ambliopija.hr\/wp-content\/uploads\/2017\/05\/22.mp4\">http:\/\/www.ambliopija.hr\/wp-content\/uploads\/2017\/05\/22.mp4<\/a><\/video><\/div>\n<p style=\"line-height: 110%;\">5. Video prikaz ispunjavanja obrasca za bolesnike koji su upu\u0107eni na kompletan oftalmolo\u0161ki pregled i koji su u oftalmolo\u0161kom pra\u0107enju zbog slabovidnosti nalazi se ovdje:<\/p>\n<p style=\"line-height: 110%;\">A. Kompletan oftalmolo\u0161ki pregled (upisuju se sva djeca kod kojih se nakon probirnog pregleda indicirao kompletan oftalmolo\u0161ki pregled)<\/p>\n<div style=\"width: 660px;\" class=\"wp-video\"><video class=\"wp-video-shortcode\" id=\"video-10-3\" width=\"660\" height=\"375\" preload=\"metadata\" controls=\"controls\"><source type=\"video\/mp4\" src=\"http:\/\/www.ambliopija.hr\/wp-content\/uploads\/2017\/05\/33.mp4?_=3\" \/><a href=\"http:\/\/www.ambliopija.hr\/wp-content\/uploads\/2017\/05\/33.mp4\">http:\/\/www.ambliopija.hr\/wp-content\/uploads\/2017\/05\/33.mp4<\/a><\/video><\/div>\n<p style=\"line-height: 110%;\">B. Pra\u0107enje bolesnika (upisuje se prvi kontrolni pregled, te kontrolni pregled nakon svake godine dana pra\u0107enja, kao i svi ostali kontrolni pregledi kod kojih je nastupila promjena statusa bolesnika neovisno o vremenskom periodu pra\u0107enja).<\/p>\n<div style=\"width: 660px;\" class=\"wp-video\"><video class=\"wp-video-shortcode\" id=\"video-10-4\" width=\"660\" height=\"374\" preload=\"metadata\" controls=\"controls\"><source type=\"video\/mp4\" src=\"http:\/\/www.ambliopija.hr\/wp-content\/uploads\/2017\/05\/44.mp4?_=4\" \/><a href=\"http:\/\/www.ambliopija.hr\/wp-content\/uploads\/2017\/05\/44.mp4\">http:\/\/www.ambliopija.hr\/wp-content\/uploads\/2017\/05\/44.mp4<\/a><\/video><\/div>\n","protected":false},"excerpt":{"rendered":"<p>1. Na e-mail adresu\u00a0slabovidnost@gmail.com po\u0161aljite sljede\u0107e Va\u0161e podatke: A. Ime i prezime B. Va\u0161 HZJZ broj C. Naziv ustanove zaposlenja D. Adresu ustanove zaposlenja. Molimo Vas za potpunost i to\u010dnost podataka. 2. Preporu\u010denom po\u0161tom s povratnicom na Va\u0161e ime i prezime, te adresu Ustanove zaposlenja dobiti \u0107ete jedinstveno korisni\u010dko ime i lozinku za pristup Registru. &hellip; <a href=\"https:\/\/www.ambliopija.hr\/?page_id=10\" class=\"more-link\">Continue reading <span class=\"screen-reader-text\">Upute<\/span><\/a><\/p>\n","protected":false},"author":1,"featured_media":0,"parent":0,"menu_order":0,"comment_status":"closed","ping_status":"closed","template":"","meta":[],"_links":{"self":[{"href":"https:\/\/www.ambliopija.hr\/index.php?rest_route=\/wp\/v2\/pages\/10"}],"collection":[{"href":"https:\/\/www.ambliopija.hr\/index.php?rest_route=\/wp\/v2\/pages"}],"about":[{"href":"https:\/\/www.ambliopija.hr\/index.php?rest_route=\/wp\/v2\/types\/page"}],"author":[{"embeddable":true,"href":"https:\/\/www.ambliopija.hr\/index.php?rest_route=\/wp\/v2\/users\/1"}],"replies":[{"embeddable":true,"href":"https:\/\/www.ambliopija.hr\/index.php?rest_route=%2Fwp%2Fv2%2Fcomments&post=10"}],"version-history":[{"count":22,"href":"https:\/\/www.ambliopija.hr\/index.php?rest_route=\/wp\/v2\/pages\/10\/revisions"}],"predecessor-version":[{"id":98,"href":"https:\/\/www.ambliopija.hr\/index.php?rest_route=\/wp\/v2\/pages\/10\/revisions\/98"}],"wp:attachment":[{"href":"https:\/\/www.ambliopija.hr\/index.php?rest_route=%2Fwp%2Fv2%2Fmedia&parent=10"}],"curies":[{"name":"wp","href":"https:\/\/api.w.org\/{rel}","templated":true}]}}